{"id":10923,"date":"2026-04-10T20:12:28","date_gmt":"2026-04-10T23:12:28","guid":{"rendered":"https:\/\/futurofunsejem.org.br\/online\/?page_id=10923"},"modified":"2026-04-10T20:19:51","modified_gmt":"2026-04-10T23:19:51","slug":"canal-de-exercicio-de-direito-do-titular","status":"publish","type":"page","link":"https:\/\/futurofunsejem.org.br\/online\/canal-de-exercicio-de-direito-do-titular\/","title":{"rendered":"Canal de Exerc\u00edcio de Direito do Titular"},"content":{"rendered":"<section class=\"wpb-content-wrapper\"><p>[vc_row][vc_column][vc_empty_space height=&#8221;30px&#8221; el_id=&#8221;topo&#8221;][vc_raw_html]JTNDJTIxLS0lMjBPbmVUcnVzdCUyMFdlYiUyMEZvcm0lMjBzdGFydCUyMC0tJTNFJTBBJTNDc3R5bGUlM0UlMEElMjAlMjAlMjAlMjAub3QtZm9ybS13cmFwcGVyJTIwJTdCJTBBJTIwJTIwJTIwJTIwJTIwJTIwJTIwJTIwbWF4LXdpZHRoJTNBJTIwNzUwcHglM0IlMEElMjAlMjAlMjAlMjAlMjAlMjAlMjAlMjBoZWlnaHQlM0ElMjA4MDBweCUzQiUwQSUyMCUyMCUyMCUyMCUyMCUyMCUyMCUyMGJvcmRlciUzQSUyMDFweCUyMHNvbGlkJTIwJTIzYzBjMmM3JTNCJTBBJTIwJTIwJTIwJTIwJTIwJTIwJTIwJTIwbWFyZ2luJTNBJTIwYXV0byUzQiUwQSUyMCUyMCUyMCUyMCU3RCUwQSUyMCUyMCUyMCUyMC5vdC1mb3JtLXdyYXBwZXIlMjBpZnJhbWUlMjAlN0IlMEElMjAlMjAlMjAlMjAlMjAlMjAlMjAlMjB3aWR0aCUzQSUyMDEwMCUyNSUzQiUwQSUyMCUyMCUyMCUyMCUyMCUyMCUyMCUyMGhlaWdodCUzQSUyMDEwMCUyNSUzQiUwQSUyMCUyMCUyMCUyMCUyMCUyMCUyMCUyMGJvcmRlciUzQSUyMG5vbmUlM0IlMEElMjAlMjAlMjAlMjAlN0QlMEElM0MlMkZzdHlsZSUzRSUwQSUzQ2RpdiUyMGNsYXNzJTNEJTIyb3QtZm9ybS13cmFwcGVyJTIyJTNFJTBBJTIwJTIwJTIwJTIwJTNDaWZyYW1lJTIwc3JjJTNEJTIyaHR0cHMlM0ElMkYlMkZwcml2YWN5cG9ydGFsLWJyLm9uZXRydXN0LmNvbSUyRndlYmZvcm0lMkZkM2ZhYjRiMC00YjdhLTRmYjMtOTE5Ni05ZTQxMDQ2ZmQ2YTglMkYxYzNjMjFkYi1hZjE2LTRiMTQtOTczNy04ZWU3OWFiOTk0YmQlMjIlM0UlMEElMjAlMjAlMjAlMjAlM0MlMkZpZnJhbWUlM0UlMEElM0MlMkZkaXYlM0UlMEElM0MlMjEtLSUyME9uZVRydXN0JTIwV2ViJTIwRm9ybSUyMGVuZCUyMC0tJTNFJTBB[\/vc_raw_html][vc_empty_space height=&#8221;50px&#8221;][\/vc_column][\/vc_row]<\/p>\n<\/section>","protected":false},"excerpt":{"rendered":"<p>[vc_row][vc_column][vc_empty_space height=&#8221;30px&#8221; el_id=&#8221;topo&#8221;][vc_raw_html]JTNDJTIxLS0lMjBPbmVUcnVzdCUyMFdlYiUyMEZvcm0lMjBzdGFydCUyMC0tJTNFJTBBJTNDc3R5bGUlM0UlMEElMjAlMjAlMjAlMjAub3QtZm9ybS13cmFwcGVyJTIwJTdCJTBBJTIwJTIwJTIwJTIwJTIwJTIwJTIwJTIwbWF4LXdpZHRoJTNBJTIwNzUwcHglM0IlMEElMjAlMjAlMjAlMjAlMjAlMjAlMjAlMjBoZWlnaHQlM0ElMjA4MDBweCUzQiUwQSUyMCUyMCUyMCUyMCUyMCUyMCUyMCUyMGJvcmRlciUzQSUyMDFweCUyMHNvbGlkJTIwJTIzYzBjMmM3JTNCJTBBJTIwJTIwJTIwJTIwJTIwJTIwJTIwJTIwbWFyZ2luJTNBJTIwYXV0byUzQiUwQSUyMCUyMCUyMCUyMCU3RCUwQSUyMCUyMCUyMCUyMC5vdC1mb3JtLXdyYXBwZXIlMjBpZnJhbWUlMjAlN0IlMEElMjAlMjAlMjAlMjAlMjAlMjAlMjAlMjB3aWR0aCUzQSUyMDEwMCUyNSUzQiUwQSUyMCUyMCUyMCUyMCUyMCUyMCUyMCUyMGhlaWdodCUzQSUyMDEwMCUyNSUzQiUwQSUyMCUyMCUyMCUyMCUyMCUyMCUyMCUyMGJvcmRlciUzQSUyMG5vbmUlM0IlMEElMjAlMjAlMjAlMjAlN0QlMEElM0MlMkZzdHlsZSUzRSUwQSUzQ2RpdiUyMGNsYXNzJTNEJTIyb3QtZm9ybS13cmFwcGVyJTIyJTNFJTBBJTIwJTIwJTIwJTIwJTNDaWZyYW1lJTIwc3JjJTNEJTIyaHR0cHMlM0ElMkYlMkZwcml2YWN5cG9ydGFsLWJyLm9uZXRydXN0LmNvbSUyRndlYmZvcm0lMkZkM2ZhYjRiMC00YjdhLTRmYjMtOTE5Ni05ZTQxMDQ2ZmQ2YTglMkYxYzNjMjFkYi1hZjE2LTRiMTQtOTczNy04ZWU3OWFiOTk0YmQlMjIlM0UlMEElMjAlMjAlMjAlMjAlM0MlMkZpZnJhbWUlM0UlMEElM0MlMkZkaXYlM0UlMEElM0MlMjEtLSUyME9uZVRydXN0JTIwV2ViJTIwRm9ybSUyMGVuZCUyMC0tJTNFJTBB[\/vc_raw_html][vc_empty_space height=&#8221;50px&#8221;][\/vc_column][\/vc_row]<\/p>\n","protected":false},"author":7,"featured_media":0,"parent":0,"menu_order":0,"comment_status":"closed","ping_status":"closed","template":"","meta":{"footnotes":""},"class_list":["post-10923","page","type-page","status-publish","hentry"],"acf":[],"yoast_head":"<!-- This site is optimized with the Yoast SEO plugin v20.8 - https:\/\/yoast.com\/wordpress\/plugins\/seo\/ -->\n<title>Canal de Exerc\u00edcio de Direito do Titular | Futuro On-line<\/title>\n<meta name=\"robots\" content=\"index, follow, max-snippet:-1, max-image-preview:large, max-video-preview:-1\" \/>\n<link rel=\"canonical\" href=\"https:\/\/futurofunsejem.org.br\/online\/canal-de-exercicio-de-direito-do-titular\/\" \/>\n<meta property=\"og:locale\" content=\"pt_BR\" \/>\n<meta property=\"og:type\" content=\"article\" \/>\n<meta property=\"og:title\" content=\"Canal de Exerc\u00edcio de Direito do Titular | Futuro On-line\" \/>\n<meta property=\"og:description\" content=\"[vc_row][vc_column][vc_empty_space height=&#8221;30px&#8221; el_id=&#8221;topo&#8221;][vc_raw_html]JTNDJTIxLS0lMjBPbmVUcnVzdCUyMFdlYiUyMEZvcm0lMjBzdGFydCUyMC0tJTNFJTBBJTNDc3R5bGUlM0UlMEElMjAlMjAlMjAlMjAub3QtZm9ybS13cmFwcGVyJTIwJTdCJTBBJTIwJTIwJTIwJTIwJTIwJTIwJTIwJTIwbWF4LXdpZHRoJTNBJTIwNzUwcHglM0IlMEElMjAlMjAlMjAlMjAlMjAlMjAlMjAlMjBoZWlnaHQlM0ElMjA4MDBweCUzQiUwQSUyMCUyMCUyMCUyMCUyMCUyMCUyMCUyMGJvcmRlciUzQSUyMDFweCUyMHNvbGlkJTIwJTIzYzBjMmM3JTNCJTBBJTIwJTIwJTIwJTIwJTIwJTIwJTIwJTIwbWFyZ2luJTNBJTIwYXV0byUzQiUwQSUyMCUyMCUyMCUyMCU3RCUwQSUyMCUyMCUyMCUyMC5vdC1mb3JtLXdyYXBwZXIlMjBpZnJhbWUlMjAlN0IlMEElMjAlMjAlMjAlMjAlMjAlMjAlMjAlMjB3aWR0aCUzQSUyMDEwMCUyNSUzQiUwQSUyMCUyMCUyMCUyMCUyMCUyMCUyMCUyMGhlaWdodCUzQSUyMDEwMCUyNSUzQiUwQSUyMCUyMCUyMCUyMCUyMCUyMCUyMCUyMGJvcmRlciUzQSUyMG5vbmUlM0IlMEElMjAlMjAlMjAlMjAlN0QlMEElM0MlMkZzdHlsZSUzRSUwQSUzQ2RpdiUyMGNsYXNzJTNEJTIyb3QtZm9ybS13cmFwcGVyJTIyJTNFJTBBJTIwJTIwJTIwJTIwJTNDaWZyYW1lJTIwc3JjJTNEJTIyaHR0cHMlM0ElMkYlMkZwcml2YWN5cG9ydGFsLWJyLm9uZXRydXN0LmNvbSUyRndlYmZvcm0lMkZkM2ZhYjRiMC00YjdhLTRmYjMtOTE5Ni05ZTQxMDQ2ZmQ2YTglMkYxYzNjMjFkYi1hZjE2LTRiMTQtOTczNy04ZWU3OWFiOTk0YmQlMjIlM0UlMEElMjAlMjAlMjAlMjAlM0MlMkZpZnJhbWUlM0UlMEElM0MlMkZkaXYlM0UlMEElM0MlMjEtLSUyME9uZVRydXN0JTIwV2ViJTIwRm9ybSUyMGVuZCUyMC0tJTNFJTBB[\/vc_raw_html][vc_empty_space height=&#8221;50px&#8221;][\/vc_column][\/vc_row]\" \/>\n<meta property=\"og:url\" content=\"https:\/\/futurofunsejem.org.br\/online\/canal-de-exercicio-de-direito-do-titular\/\" \/>\n<meta property=\"og:site_name\" content=\"Futuro On-line\" \/>\n<meta property=\"article:modified_time\" content=\"2026-04-10T23:19:51+00:00\" \/>\n<meta name=\"twitter:card\" content=\"summary_large_image\" \/>\n<meta name=\"twitter:label1\" content=\"Est. tempo de leitura\" \/>\n\t<meta name=\"twitter:data1\" content=\"1 minuto\" \/>\n<script type=\"application\/ld+json\" class=\"yoast-schema-graph\">{\"@context\":\"https:\/\/schema.org\",\"@graph\":[{\"@type\":\"WebPage\",\"@id\":\"https:\/\/futurofunsejem.org.br\/online\/canal-de-exercicio-de-direito-do-titular\/\",\"url\":\"https:\/\/futurofunsejem.org.br\/online\/canal-de-exercicio-de-direito-do-titular\/\",\"name\":\"Canal de Exerc\u00edcio de Direito do Titular | Futuro On-line\",\"isPartOf\":{\"@id\":\"https:\/\/futurofunsejem.org.br\/online\/#website\"},\"datePublished\":\"2026-04-10T23:12:28+00:00\",\"dateModified\":\"2026-04-10T23:19:51+00:00\",\"breadcrumb\":{\"@id\":\"https:\/\/futurofunsejem.org.br\/online\/canal-de-exercicio-de-direito-do-titular\/#breadcrumb\"},\"inLanguage\":\"pt-BR\",\"potentialAction\":[{\"@type\":\"ReadAction\",\"target\":[\"https:\/\/futurofunsejem.org.br\/online\/canal-de-exercicio-de-direito-do-titular\/\"]}]},{\"@type\":\"BreadcrumbList\",\"@id\":\"https:\/\/futurofunsejem.org.br\/online\/canal-de-exercicio-de-direito-do-titular\/#breadcrumb\",\"itemListElement\":[{\"@type\":\"ListItem\",\"position\":1,\"name\":\"In\u00edcio\",\"item\":\"https:\/\/futurofunsejem.org.br\/online\/\"},{\"@type\":\"ListItem\",\"position\":2,\"name\":\"Canal de Exerc\u00edcio de Direito do Titular\"}]},{\"@type\":\"WebSite\",\"@id\":\"https:\/\/futurofunsejem.org.br\/online\/#website\",\"url\":\"https:\/\/futurofunsejem.org.br\/online\/\",\"name\":\"Futuro On-line\",\"description\":\"O jornal Futuro, informativo da Funsejem, \u00e9 uma publica\u00e7\u00e3o bimestral divulgada nas empresas da Votorantim, patrocinadoras da Funda\u00e7\u00e3o, e aos participantes autopatrocinados, vinculados e aposentados pelo plano.\",\"potentialAction\":[{\"@type\":\"SearchAction\",\"target\":{\"@type\":\"EntryPoint\",\"urlTemplate\":\"https:\/\/futurofunsejem.org.br\/online\/?s={search_term_string}\"},\"query-input\":\"required name=search_term_string\"}],\"inLanguage\":\"pt-BR\"}]}<\/script>\n<!-- \/ Yoast SEO plugin. -->","yoast_head_json":{"title":"Canal de Exerc\u00edcio de Direito do Titular | Futuro On-line","robots":{"index":"index","follow":"follow","max-snippet":"max-snippet:-1","max-image-preview":"max-image-preview:large","max-video-preview":"max-video-preview:-1"},"canonical":"https:\/\/futurofunsejem.org.br\/online\/canal-de-exercicio-de-direito-do-titular\/","og_locale":"pt_BR","og_type":"article","og_title":"Canal de Exerc\u00edcio de Direito do Titular | Futuro On-line","og_description":"[vc_row][vc_column][vc_empty_space height=&#8221;30px&#8221; el_id=&#8221;topo&#8221;][vc_raw_html]JTNDJTIxLS0lMjBPbmVUcnVzdCUyMFdlYiUyMEZvcm0lMjBzdGFydCUyMC0tJTNFJTBBJTNDc3R5bGUlM0UlMEElMjAlMjAlMjAlMjAub3QtZm9ybS13cmFwcGVyJTIwJTdCJTBBJTIwJTIwJTIwJTIwJTIwJTIwJTIwJTIwbWF4LXdpZHRoJTNBJTIwNzUwcHglM0IlMEElMjAlMjAlMjAlMjAlMjAlMjAlMjAlMjBoZWlnaHQlM0ElMjA4MDBweCUzQiUwQSUyMCUyMCUyMCUyMCUyMCUyMCUyMCUyMGJvcmRlciUzQSUyMDFweCUyMHNvbGlkJTIwJTIzYzBjMmM3JTNCJTBBJTIwJTIwJTIwJTIwJTIwJTIwJTIwJTIwbWFyZ2luJTNBJTIwYXV0byUzQiUwQSUyMCUyMCUyMCUyMCU3RCUwQSUyMCUyMCUyMCUyMC5vdC1mb3JtLXdyYXBwZXIlMjBpZnJhbWUlMjAlN0IlMEElMjAlMjAlMjAlMjAlMjAlMjAlMjAlMjB3aWR0aCUzQSUyMDEwMCUyNSUzQiUwQSUyMCUyMCUyMCUyMCUyMCUyMCUyMCUyMGhlaWdodCUzQSUyMDEwMCUyNSUzQiUwQSUyMCUyMCUyMCUyMCUyMCUyMCUyMCUyMGJvcmRlciUzQSUyMG5vbmUlM0IlMEElMjAlMjAlMjAlMjAlN0QlMEElM0MlMkZzdHlsZSUzRSUwQSUzQ2RpdiUyMGNsYXNzJTNEJTIyb3QtZm9ybS13cmFwcGVyJTIyJTNFJTBBJTIwJTIwJTIwJTIwJTNDaWZyYW1lJTIwc3JjJTNEJTIyaHR0cHMlM0ElMkYlMkZwcml2YWN5cG9ydGFsLWJyLm9uZXRydXN0LmNvbSUyRndlYmZvcm0lMkZkM2ZhYjRiMC00YjdhLTRmYjMtOTE5Ni05ZTQxMDQ2ZmQ2YTglMkYxYzNjMjFkYi1hZjE2LTRiMTQtOTczNy04ZWU3OWFiOTk0YmQlMjIlM0UlMEElMjAlMjAlMjAlMjAlM0MlMkZpZnJhbWUlM0UlMEElM0MlMkZkaXYlM0UlMEElM0MlMjEtLSUyME9uZVRydXN0JTIwV2ViJTIwRm9ybSUyMGVuZCUyMC0tJTNFJTBB[\/vc_raw_html][vc_empty_space height=&#8221;50px&#8221;][\/vc_column][\/vc_row]","og_url":"https:\/\/futurofunsejem.org.br\/online\/canal-de-exercicio-de-direito-do-titular\/","og_site_name":"Futuro On-line","article_modified_time":"2026-04-10T23:19:51+00:00","twitter_card":"summary_large_image","twitter_misc":{"Est. tempo de leitura":"1 minuto"},"schema":{"@context":"https:\/\/schema.org","@graph":[{"@type":"WebPage","@id":"https:\/\/futurofunsejem.org.br\/online\/canal-de-exercicio-de-direito-do-titular\/","url":"https:\/\/futurofunsejem.org.br\/online\/canal-de-exercicio-de-direito-do-titular\/","name":"Canal de Exerc\u00edcio de Direito do Titular | Futuro On-line","isPartOf":{"@id":"https:\/\/futurofunsejem.org.br\/online\/#website"},"datePublished":"2026-04-10T23:12:28+00:00","dateModified":"2026-04-10T23:19:51+00:00","breadcrumb":{"@id":"https:\/\/futurofunsejem.org.br\/online\/canal-de-exercicio-de-direito-do-titular\/#breadcrumb"},"inLanguage":"pt-BR","potentialAction":[{"@type":"ReadAction","target":["https:\/\/futurofunsejem.org.br\/online\/canal-de-exercicio-de-direito-do-titular\/"]}]},{"@type":"BreadcrumbList","@id":"https:\/\/futurofunsejem.org.br\/online\/canal-de-exercicio-de-direito-do-titular\/#breadcrumb","itemListElement":[{"@type":"ListItem","position":1,"name":"In\u00edcio","item":"https:\/\/futurofunsejem.org.br\/online\/"},{"@type":"ListItem","position":2,"name":"Canal de Exerc\u00edcio de Direito do Titular"}]},{"@type":"WebSite","@id":"https:\/\/futurofunsejem.org.br\/online\/#website","url":"https:\/\/futurofunsejem.org.br\/online\/","name":"Futuro On-line","description":"O jornal Futuro, informativo da Funsejem, \u00e9 uma publica\u00e7\u00e3o bimestral divulgada nas empresas da Votorantim, patrocinadoras da Funda\u00e7\u00e3o, e aos participantes autopatrocinados, vinculados e aposentados pelo plano.","potentialAction":[{"@type":"SearchAction","target":{"@type":"EntryPoint","urlTemplate":"https:\/\/futurofunsejem.org.br\/online\/?s={search_term_string}"},"query-input":"required name=search_term_string"}],"inLanguage":"pt-BR"}]}},"_links":{"self":[{"href":"https:\/\/futurofunsejem.org.br\/online\/wp-json\/wp\/v2\/pages\/10923","targetHints":{"allow":["GET"]}}],"collection":[{"href":"https:\/\/futurofunsejem.org.br\/online\/wp-json\/wp\/v2\/pages"}],"about":[{"href":"https:\/\/futurofunsejem.org.br\/online\/wp-json\/wp\/v2\/types\/page"}],"author":[{"embeddable":true,"href":"https:\/\/futurofunsejem.org.br\/online\/wp-json\/wp\/v2\/users\/7"}],"replies":[{"embeddable":true,"href":"https:\/\/futurofunsejem.org.br\/online\/wp-json\/wp\/v2\/comments?post=10923"}],"version-history":[{"count":6,"href":"https:\/\/futurofunsejem.org.br\/online\/wp-json\/wp\/v2\/pages\/10923\/revisions"}],"predecessor-version":[{"id":10929,"href":"https:\/\/futurofunsejem.org.br\/online\/wp-json\/wp\/v2\/pages\/10923\/revisions\/10929"}],"wp:attachment":[{"href":"https:\/\/futurofunsejem.org.br\/online\/wp-json\/wp\/v2\/media?parent=10923"}],"curies":[{"name":"wp","href":"https:\/\/api.w.org\/{rel}","templated":true}]}}