{"id":9461,"date":"2025-05-09T11:03:33","date_gmt":"2025-05-09T14:03:33","guid":{"rendered":"https:\/\/futurofunsejem.org.br\/online\/?page_id=9461"},"modified":"2026-04-10T20:36:52","modified_gmt":"2026-04-10T23:36:52","slug":"politica-de-cookies","status":"publish","type":"page","link":"https:\/\/futurofunsejem.org.br\/online\/politica-de-cookies\/","title":{"rendered":"Pol\u00edtica de Cookies"},"content":{"rendered":"<section class=\"wpb-content-wrapper\"><p>[vc_row][vc_column width=&#8221;1\/4&#8243;][vc_empty_space height=&#8221;30px&#8221;][vc_custom_heading text=&#8221;1 &#8211; Introdu\u00e7\u00e3o&#8221; font_container=&#8221;tag:h4|font_size:17px|text_align:left|color:%23112d63&#8243; google_fonts=&#8221;font_family:Open%20Sans%3A300%2C300italic%2Cregular%2Citalic%2C600%2C600italic%2C700%2C700italic%2C800%2C800italic|font_style:400%20regular%3A400%3Anormal&#8221; link=&#8221;url:%231&#8243;][vc_empty_space height=&#8221;10px&#8221;][vc_separator][vc_empty_space height=&#8221;10px&#8221;][vc_custom_heading text=&#8221;2 &#8211; O que \u00e9 um cookie?&#8221; font_container=&#8221;tag:h4|font_size:17px|text_align:left|color:%23112d63&#8243; google_fonts=&#8221;font_family:Open%20Sans%3A300%2C300italic%2Cregular%2Citalic%2C600%2C600italic%2C700%2C700italic%2C800%2C800italic|font_style:400%20regular%3A400%3Anormal&#8221; link=&#8221;url:%232&#8243;][vc_empty_space height=&#8221;10px&#8221;][vc_separator][vc_empty_space height=&#8221;10px&#8221;][vc_custom_heading text=&#8221;3 &#8211; O que s\u00e3o web beacons?&#8221; font_container=&#8221;tag:h4|font_size:17px|text_align:left|color:%23112d63&#8243; google_fonts=&#8221;font_family:Open%20Sans%3A300%2C300italic%2Cregular%2Citalic%2C600%2C600italic%2C700%2C700italic%2C800%2C800italic|font_style:400%20regular%3A400%3Anormal&#8221; link=&#8221;url:%233&#8243;][vc_empty_space height=&#8221;10px&#8221;][vc_separator][vc_empty_space height=&#8221;10px&#8221;][vc_custom_heading text=&#8221;4 &#8211; Quais cookies utilizamos?&#8221; font_container=&#8221;tag:h4|font_size:17px|text_align:left|color:%23112d63&#8243; google_fonts=&#8221;font_family:Open%20Sans%3A300%2C300italic%2Cregular%2Citalic%2C600%2C600italic%2C700%2C700italic%2C800%2C800italic|font_style:400%20regular%3A400%3Anormal&#8221; link=&#8221;url:%235&#8243;][vc_empty_space height=&#8221;10px&#8221;][vc_separator][vc_empty_space height=&#8221;10px&#8221;][vc_custom_heading text=&#8221;5 &#8211; Como recusar\/excluir cookies:&#8221; font_container=&#8221;tag:h4|font_size:17px|text_align:left|color:%23112d63&#8243; google_fonts=&#8221;font_family:Open%20Sans%3A300%2C300italic%2Cregular%2Citalic%2C600%2C600italic%2C700%2C700italic%2C800%2C800italic|font_style:400%20regular%3A400%3Anormal&#8221; link=&#8221;url:%236&#8243;][vc_empty_space height=&#8221;10px&#8221;][vc_separator][vc_empty_space height=&#8221;10px&#8221;][vc_custom_heading text=&#8221;6 &#8211; Encarregada pelo tratamento de dados pessoais&#8221; font_container=&#8221;tag:h4|font_size:17px|text_align:left|color:%23112d63&#8243; google_fonts=&#8221;font_family:Open%20Sans%3A300%2C300italic%2Cregular%2Citalic%2C600%2C600italic%2C700%2C700italic%2C800%2C800italic|font_style:400%20regular%3A400%3Anormal&#8221; link=&#8221;url:%237&#8243;][vc_empty_space height=&#8221;10px&#8221;][vc_separator][\/vc_column][vc_column width=&#8221;3\/4&#8243;][vc_empty_space height=&#8221;30px&#8221; el_id=&#8221;topo&#8221;][vc_column_text el_id=&#8221;1&#8243;]<\/p>\n<h4><strong>1 &#8211; Introdu\u00e7\u00e3o<\/strong><\/h4>\n<p>A Funda\u00e7\u00e3o Sen. Jos\u00e9 Erm\u00edrio de Moraes (\u201cFunsejem\u201d) est\u00e1 comprometida com a prote\u00e7\u00e3o dos dados pessoais e em promover uma experi\u00eancia ainda mais transparente no seu acesso ao futurofunsejem.org.br (\u201cSite\u201d).<\/p>\n<p>Para tanto, esta Pol\u00edtica de Cookies (\u201cPol\u00edtica\u201d) visa explicar como utilizamos os cookies para melhorar a navegabilidade e a sua experi\u00eancia no Site.<\/p>\n<p>Voc\u00ea poder\u00e1 definir as suas prefer\u00eancias por meio da gest\u00e3o de cookies ao acessar o Site, sendo poss\u00edvel tamb\u00e9m adequar as configura\u00e7\u00f5es de seu navegador de internet.<\/p>\n<p><strong>CASO VOC\u00ca N\u00c3O CONCORDE COM QUAISQUER DAS DISPOSI\u00c7\u00d5ES DESTA POL\u00cdTICA DE PRIVACIDADE, POR FAVOR N\u00c3O ACEITE A COLETA DE NENHUM COOKIE N\u00c3O NECESS\u00c1RIO NO SITE.<\/strong>[\/vc_column_text][vc_empty_space height=&#8221;50px&#8221;][vc_column_text el_id=&#8221;2&#8243;]<\/p>\n<h4><strong>2 &#8211; O que \u00e9 um cookie? <\/strong><\/h4>\n<p>Os \u201ccookies\u201d s\u00e3o pequenos arquivos de texto que armazenam informa\u00e7\u00f5es sobre suas intera\u00e7\u00f5es com um <em>website<\/em>, de forma tempor\u00e1ria ou permanente no disco r\u00edgido do seu dispositivo. O site Futuro Funsejem usa cookies para diferenciar Voc\u00ea de outros usu\u00e1rios, o que nos ajuda a fornecer uma boa experi\u00eancia ao navegar em nossa Plataforma e nos permite melhor\u00e1-la. Ao continuar navegando, voc\u00ea concorda com o uso de cookies.[\/vc_column_text][vc_empty_space height=&#8221;50px&#8221;][vc_column_text el_id=&#8221;3&#8243;]<\/p>\n<h4><strong>3 &#8211; O que s\u00e3o web beacons? <\/strong><\/h4>\n<p>Web beacons s\u00e3o pequenos peda\u00e7os de c\u00f3digo incorporados em p\u00e1ginas da web ou e-mails que ajudam na entrega de cookies. Eles ajudam a Funsejem a determinar se uma p\u00e1gina da web foi visualizada e, em caso afirmativo, quantas vezes.<\/p>\n<p>A Funsejem tamb\u00e9m pode usar web beacons em mensagens de e-mail para determinar o que o destinat\u00e1rio fez com a mensagem. Embora voc\u00ea n\u00e3o possa recusar o recebimento de web beacons ao visitar uma p\u00e1gina da web, pode optar por n\u00e3o os receber por e-mail se desativar as imagens HTML ou recusar as mensagens de e-mail em HTML.[\/vc_column_text][vc_empty_space height=&#8221;50px&#8221;][vc_column_text el_id=&#8221;5&#8243;]<\/p>\n<h4><strong>4 &#8211; Quais cookies utilizamos? <\/strong><\/h4>\n<p>Para obter informa\u00e7\u00f5es detalhadas sobre os cookies utilizados em nosso site, acesse o Banner de Cookies dispon\u00edvel na p\u00e1gina. Nele, voc\u00ea encontrar\u00e1 a lista completa dos cookies.[\/vc_column_text][vc_empty_space height=&#8221;50px&#8221;][vc_column_text el_id=&#8221;6&#8243;]<\/p>\n<h4><strong>5 &#8211; Como recusar\/excluir cookies:<\/strong><\/h4>\n<p>O registro de um cookie est\u00e1 essencialmente sujeito \u00e0 vontade do usu\u00e1rio, que pode ser modificada a qualquer momento e gratuitamente. Se Voc\u00ea aceitou o armazenamento de cookies no seu dispositivo de acesso ao site, os cookies integrados \u00e0s p\u00e1ginas e conte\u00fados consultados podem ser armazenados temporariamente em um espa\u00e7o dedicado em seu dispositivo de acesso ao site.<\/p>\n<p><strong>Um configurador de gerenciamento de cookies est\u00e1 dispon\u00edvel para permitir que voc\u00ea gerencie os cookies usados e\/ou depositados no site.<\/strong> A qualquer momento, Voc\u00ea pode alterar a configura\u00e7\u00e3o do navegador usado. Por exemplo (para Internet Explorer): V\u00e1 para Ferramentas &gt; Op\u00e7\u00f5es da Internet &gt; Privacidade.<\/p>\n<p>Voc\u00ea tamb\u00e9m pode utilizar, a qualquer momento, as configura\u00e7\u00f5es de seu navegador de prefer\u00eancia para desabilitar ou remover cookies. Para mais informa\u00e7\u00f5es sobre como gerir os cookies diretamente em seu navegador de prefer\u00eancia, orientamos a consulta aos links abaixo:<\/p>\n<ul>\n<li><a href=\"https:\/\/support.microsoft.com\/pt-br\/help\/17442\/windows-internet-explorer-delete-manage-cookies\" target=\"_blank\" rel=\"noopener\">Internet Explorer<\/a><\/li>\n<li><a href=\"https:\/\/support.mozilla.org\/pt-BR\/kb\/ative-e-desative-os-cookies-que-os-sites-usam\" target=\"_blank\" rel=\"noopener\">Mozilla Firefox<\/a><\/li>\n<li><a href=\"https:\/\/support.google.com\/accounts\/answer\/61416?co=GENIE.Platform%3DDesktop&amp;hl=pt-BR\" target=\"_blank\" rel=\"noopener\">Google\/Chrome<\/a><\/li>\n<li><a href=\"https:\/\/support.apple.com\/pt-br\/guide\/safari\/sfri11471\/mac\" target=\"_blank\" rel=\"noopener\">Safari<\/a><\/li>\n<\/ul>\n<p>Aten\u00e7\u00e3o: leve em conta que suas prefer\u00eancias s\u00e3o baseadas em cookies. Se voc\u00ea excluir todos os cookies armazenados em seu terminal atrav\u00e9s do seu navegador, a Funsejem e seus parceiros n\u00e3o estar\u00e3o cientes de sua recusa e, portanto, voc\u00ea ser\u00e1 solicitado novamente a expressar suas escolhas sobre cookies.<\/p>\n<p>O bloqueio completo de seus cookies atrav\u00e9s de <em>browsers<\/em> ou bloqueadores de an\u00fancios (incluindo cookies relacionados ao funcionamento do site) pode levar a falhas, como a impossibilidade de acessar certas p\u00e1ginas do site.[\/vc_column_text][vc_empty_space height=&#8221;50px&#8221;][vc_column_text el_id=&#8221;7&#8243;]<\/p>\n<h4><strong>6 &#8211; Encarregada pelo tratamento de dados pessoais<\/strong><\/h4>\n<p>Em caso de d\u00favidas ou assuntos envolvendo seus Dados Pessoais, entre em contato com a Encarregada de Prote\u00e7\u00e3o de Dados (DPO) Vanessa Escaleira, ou pelo canal de prote\u00e7\u00e3o de Dados: <a href=\"mailto:privacidados@votorantim.com\">privacidados@votorantim.com<\/a>.<\/p>\n<p>10\/03\/2026.[\/vc_column_text][\/vc_column][\/vc_row]<\/p>\n<\/section>","protected":false},"excerpt":{"rendered":"<p>[vc_row][vc_column width=&#8221;1\/4&#8243;][vc_empty_space height=&#8221;30px&#8221;][vc_custom_heading text=&#8221;1 &#8211; Introdu\u00e7\u00e3o&#8221; font_container=&#8221;tag:h4|font_size:17px|text_align:left|color:%23112d63&#8243; google_fonts=&#8221;font_family:Open%20Sans%3A300%2C300italic%2Cregular%2Citalic%2C600%2C600italic%2C700%2C700italic%2C800%2C800italic|font_style:400%20regular%3A400%3Anormal&#8221; link=&#8221;url:%231&#8243;][vc_empty_space height=&#8221;10px&#8221;][vc_separator][vc_empty_space height=&#8221;10px&#8221;][vc_custom_heading text=&#8221;2 &#8211; O que \u00e9 um cookie?&#8221; font_container=&#8221;tag:h4|font_size:17px|text_align:left|color:%23112d63&#8243; google_fonts=&#8221;font_family:Open%20Sans%3A300%2C300italic%2Cregular%2Citalic%2C600%2C600italic%2C700%2C700italic%2C800%2C800italic|font_style:400%20regular%3A400%3Anormal&#8221; link=&#8221;url:%232&#8243;][vc_empty_space height=&#8221;10px&#8221;][vc_separator][vc_empty_space height=&#8221;10px&#8221;][vc_custom_heading text=&#8221;3 &#8211; O que s\u00e3o web beacons?&#8221; font_container=&#8221;tag:h4|font_size:17px|text_align:left|color:%23112d63&#8243; google_fonts=&#8221;font_family:Open%20Sans%3A300%2C300italic%2Cregular%2Citalic%2C600%2C600italic%2C700%2C700italic%2C800%2C800italic|font_style:400%20regular%3A400%3Anormal&#8221; link=&#8221;url:%233&#8243;][vc_empty_space height=&#8221;10px&#8221;][vc_separator][vc_empty_space height=&#8221;10px&#8221;][vc_custom_heading text=&#8221;4 &#8211; Quais cookies utilizamos?&#8221; font_container=&#8221;tag:h4|font_size:17px|text_align:left|color:%23112d63&#8243; google_fonts=&#8221;font_family:Open%20Sans%3A300%2C300italic%2Cregular%2Citalic%2C600%2C600italic%2C700%2C700italic%2C800%2C800italic|font_style:400%20regular%3A400%3Anormal&#8221; link=&#8221;url:%235&#8243;][vc_empty_space height=&#8221;10px&#8221;][vc_separator][vc_empty_space height=&#8221;10px&#8221;][vc_custom_heading text=&#8221;5 &#8211; Como recusar\/excluir cookies:&#8221; font_container=&#8221;tag:h4|font_size:17px|text_align:left|color:%23112d63&#8243; google_fonts=&#8221;font_family:Open%20Sans%3A300%2C300italic%2Cregular%2Citalic%2C600%2C600italic%2C700%2C700italic%2C800%2C800italic|font_style:400%20regular%3A400%3Anormal&#8221; link=&#8221;url:%236&#8243;][vc_empty_space height=&#8221;10px&#8221;][vc_separator][vc_empty_space height=&#8221;10px&#8221;][vc_custom_heading [&hellip;]<\/p>\n","protected":false},"author":7,"featured_media":0,"parent":0,"menu_order":0,"comment_status":"closed","ping_status":"closed","template":"","meta":{"footnotes":""},"class_list":["post-9461","page","type-page","status-publish","hentry"],"acf":[],"yoast_head":"<!-- This site is optimized with the Yoast SEO plugin v20.8 - https:\/\/yoast.com\/wordpress\/plugins\/seo\/ -->\n<title>Pol\u00edtica de Cookies | Futuro On-line<\/title>\n<meta name=\"robots\" content=\"index, follow, max-snippet:-1, max-image-preview:large, max-video-preview:-1\" \/>\n<link rel=\"canonical\" href=\"https:\/\/futurofunsejem.org.br\/online\/politica-de-cookies\/\" \/>\n<meta property=\"og:locale\" content=\"pt_BR\" \/>\n<meta property=\"og:type\" content=\"article\" \/>\n<meta property=\"og:title\" content=\"Pol\u00edtica de Cookies | Futuro On-line\" \/>\n<meta property=\"og:description\" content=\"[vc_row][vc_column width=&#8221;1\/4&#8243;][vc_empty_space height=&#8221;30px&#8221;][vc_custom_heading text=&#8221;1 &#8211; Introdu\u00e7\u00e3o&#8221; font_container=&#8221;tag:h4|font_size:17px|text_align:left|color:%23112d63&#8243; google_fonts=&#8221;font_family:Open%20Sans%3A300%2C300italic%2Cregular%2Citalic%2C600%2C600italic%2C700%2C700italic%2C800%2C800italic|font_style:400%20regular%3A400%3Anormal&#8221; link=&#8221;url:%231&#8243;][vc_empty_space height=&#8221;10px&#8221;][vc_separator][vc_empty_space height=&#8221;10px&#8221;][vc_custom_heading text=&#8221;2 &#8211; O que \u00e9 um cookie?&#8221; font_container=&#8221;tag:h4|font_size:17px|text_align:left|color:%23112d63&#8243; google_fonts=&#8221;font_family:Open%20Sans%3A300%2C300italic%2Cregular%2Citalic%2C600%2C600italic%2C700%2C700italic%2C800%2C800italic|font_style:400%20regular%3A400%3Anormal&#8221; link=&#8221;url:%232&#8243;][vc_empty_space height=&#8221;10px&#8221;][vc_separator][vc_empty_space height=&#8221;10px&#8221;][vc_custom_heading text=&#8221;3 &#8211; O que s\u00e3o web beacons?&#8221; font_container=&#8221;tag:h4|font_size:17px|text_align:left|color:%23112d63&#8243; google_fonts=&#8221;font_family:Open%20Sans%3A300%2C300italic%2Cregular%2Citalic%2C600%2C600italic%2C700%2C700italic%2C800%2C800italic|font_style:400%20regular%3A400%3Anormal&#8221; link=&#8221;url:%233&#8243;][vc_empty_space height=&#8221;10px&#8221;][vc_separator][vc_empty_space height=&#8221;10px&#8221;][vc_custom_heading text=&#8221;4 &#8211; Quais cookies utilizamos?&#8221; font_container=&#8221;tag:h4|font_size:17px|text_align:left|color:%23112d63&#8243; google_fonts=&#8221;font_family:Open%20Sans%3A300%2C300italic%2Cregular%2Citalic%2C600%2C600italic%2C700%2C700italic%2C800%2C800italic|font_style:400%20regular%3A400%3Anormal&#8221; link=&#8221;url:%235&#8243;][vc_empty_space height=&#8221;10px&#8221;][vc_separator][vc_empty_space height=&#8221;10px&#8221;][vc_custom_heading text=&#8221;5 &#8211; Como recusar\/excluir cookies:&#8221; font_container=&#8221;tag:h4|font_size:17px|text_align:left|color:%23112d63&#8243; google_fonts=&#8221;font_family:Open%20Sans%3A300%2C300italic%2Cregular%2Citalic%2C600%2C600italic%2C700%2C700italic%2C800%2C800italic|font_style:400%20regular%3A400%3Anormal&#8221; link=&#8221;url:%236&#8243;][vc_empty_space height=&#8221;10px&#8221;][vc_separator][vc_empty_space height=&#8221;10px&#8221;][vc_custom_heading [&hellip;]\" \/>\n<meta property=\"og:url\" content=\"https:\/\/futurofunsejem.org.br\/online\/politica-de-cookies\/\" \/>\n<meta property=\"og:site_name\" content=\"Futuro On-line\" \/>\n<meta property=\"article:modified_time\" content=\"2026-04-10T23:36:52+00:00\" \/>\n<meta name=\"twitter:card\" content=\"summary_large_image\" \/>\n<meta name=\"twitter:label1\" content=\"Est. tempo de leitura\" \/>\n\t<meta name=\"twitter:data1\" content=\"4 minutos\" \/>\n<script type=\"application\/ld+json\" class=\"yoast-schema-graph\">{\"@context\":\"https:\/\/schema.org\",\"@graph\":[{\"@type\":\"WebPage\",\"@id\":\"https:\/\/futurofunsejem.org.br\/online\/politica-de-cookies\/\",\"url\":\"https:\/\/futurofunsejem.org.br\/online\/politica-de-cookies\/\",\"name\":\"Pol\u00edtica de Cookies | Futuro On-line\",\"isPartOf\":{\"@id\":\"https:\/\/futurofunsejem.org.br\/online\/#website\"},\"datePublished\":\"2025-05-09T14:03:33+00:00\",\"dateModified\":\"2026-04-10T23:36:52+00:00\",\"breadcrumb\":{\"@id\":\"https:\/\/futurofunsejem.org.br\/online\/politica-de-cookies\/#breadcrumb\"},\"inLanguage\":\"pt-BR\",\"potentialAction\":[{\"@type\":\"ReadAction\",\"target\":[\"https:\/\/futurofunsejem.org.br\/online\/politica-de-cookies\/\"]}]},{\"@type\":\"BreadcrumbList\",\"@id\":\"https:\/\/futurofunsejem.org.br\/online\/politica-de-cookies\/#breadcrumb\",\"itemListElement\":[{\"@type\":\"ListItem\",\"position\":1,\"name\":\"In\u00edcio\",\"item\":\"https:\/\/futurofunsejem.org.br\/online\/\"},{\"@type\":\"ListItem\",\"position\":2,\"name\":\"Pol\u00edtica de Cookies\"}]},{\"@type\":\"WebSite\",\"@id\":\"https:\/\/futurofunsejem.org.br\/online\/#website\",\"url\":\"https:\/\/futurofunsejem.org.br\/online\/\",\"name\":\"Futuro On-line\",\"description\":\"O jornal Futuro, informativo da Funsejem, \u00e9 uma publica\u00e7\u00e3o bimestral divulgada nas empresas da Votorantim, patrocinadoras da Funda\u00e7\u00e3o, e aos participantes autopatrocinados, vinculados e aposentados pelo plano.\",\"potentialAction\":[{\"@type\":\"SearchAction\",\"target\":{\"@type\":\"EntryPoint\",\"urlTemplate\":\"https:\/\/futurofunsejem.org.br\/online\/?s={search_term_string}\"},\"query-input\":\"required name=search_term_string\"}],\"inLanguage\":\"pt-BR\"}]}<\/script>\n<!-- \/ Yoast SEO plugin. -->","yoast_head_json":{"title":"Pol\u00edtica de Cookies | Futuro On-line","robots":{"index":"index","follow":"follow","max-snippet":"max-snippet:-1","max-image-preview":"max-image-preview:large","max-video-preview":"max-video-preview:-1"},"canonical":"https:\/\/futurofunsejem.org.br\/online\/politica-de-cookies\/","og_locale":"pt_BR","og_type":"article","og_title":"Pol\u00edtica de Cookies | Futuro On-line","og_description":"[vc_row][vc_column width=&#8221;1\/4&#8243;][vc_empty_space height=&#8221;30px&#8221;][vc_custom_heading text=&#8221;1 &#8211; Introdu\u00e7\u00e3o&#8221; font_container=&#8221;tag:h4|font_size:17px|text_align:left|color:%23112d63&#8243; google_fonts=&#8221;font_family:Open%20Sans%3A300%2C300italic%2Cregular%2Citalic%2C600%2C600italic%2C700%2C700italic%2C800%2C800italic|font_style:400%20regular%3A400%3Anormal&#8221; link=&#8221;url:%231&#8243;][vc_empty_space height=&#8221;10px&#8221;][vc_separator][vc_empty_space height=&#8221;10px&#8221;][vc_custom_heading text=&#8221;2 &#8211; O que \u00e9 um cookie?&#8221; font_container=&#8221;tag:h4|font_size:17px|text_align:left|color:%23112d63&#8243; google_fonts=&#8221;font_family:Open%20Sans%3A300%2C300italic%2Cregular%2Citalic%2C600%2C600italic%2C700%2C700italic%2C800%2C800italic|font_style:400%20regular%3A400%3Anormal&#8221; link=&#8221;url:%232&#8243;][vc_empty_space height=&#8221;10px&#8221;][vc_separator][vc_empty_space height=&#8221;10px&#8221;][vc_custom_heading text=&#8221;3 &#8211; O que s\u00e3o web beacons?&#8221; font_container=&#8221;tag:h4|font_size:17px|text_align:left|color:%23112d63&#8243; google_fonts=&#8221;font_family:Open%20Sans%3A300%2C300italic%2Cregular%2Citalic%2C600%2C600italic%2C700%2C700italic%2C800%2C800italic|font_style:400%20regular%3A400%3Anormal&#8221; link=&#8221;url:%233&#8243;][vc_empty_space height=&#8221;10px&#8221;][vc_separator][vc_empty_space height=&#8221;10px&#8221;][vc_custom_heading text=&#8221;4 &#8211; Quais cookies utilizamos?&#8221; font_container=&#8221;tag:h4|font_size:17px|text_align:left|color:%23112d63&#8243; google_fonts=&#8221;font_family:Open%20Sans%3A300%2C300italic%2Cregular%2Citalic%2C600%2C600italic%2C700%2C700italic%2C800%2C800italic|font_style:400%20regular%3A400%3Anormal&#8221; link=&#8221;url:%235&#8243;][vc_empty_space height=&#8221;10px&#8221;][vc_separator][vc_empty_space height=&#8221;10px&#8221;][vc_custom_heading text=&#8221;5 &#8211; Como recusar\/excluir cookies:&#8221; font_container=&#8221;tag:h4|font_size:17px|text_align:left|color:%23112d63&#8243; google_fonts=&#8221;font_family:Open%20Sans%3A300%2C300italic%2Cregular%2Citalic%2C600%2C600italic%2C700%2C700italic%2C800%2C800italic|font_style:400%20regular%3A400%3Anormal&#8221; link=&#8221;url:%236&#8243;][vc_empty_space height=&#8221;10px&#8221;][vc_separator][vc_empty_space height=&#8221;10px&#8221;][vc_custom_heading [&hellip;]","og_url":"https:\/\/futurofunsejem.org.br\/online\/politica-de-cookies\/","og_site_name":"Futuro On-line","article_modified_time":"2026-04-10T23:36:52+00:00","twitter_card":"summary_large_image","twitter_misc":{"Est. tempo de leitura":"4 minutos"},"schema":{"@context":"https:\/\/schema.org","@graph":[{"@type":"WebPage","@id":"https:\/\/futurofunsejem.org.br\/online\/politica-de-cookies\/","url":"https:\/\/futurofunsejem.org.br\/online\/politica-de-cookies\/","name":"Pol\u00edtica de Cookies | Futuro On-line","isPartOf":{"@id":"https:\/\/futurofunsejem.org.br\/online\/#website"},"datePublished":"2025-05-09T14:03:33+00:00","dateModified":"2026-04-10T23:36:52+00:00","breadcrumb":{"@id":"https:\/\/futurofunsejem.org.br\/online\/politica-de-cookies\/#breadcrumb"},"inLanguage":"pt-BR","potentialAction":[{"@type":"ReadAction","target":["https:\/\/futurofunsejem.org.br\/online\/politica-de-cookies\/"]}]},{"@type":"BreadcrumbList","@id":"https:\/\/futurofunsejem.org.br\/online\/politica-de-cookies\/#breadcrumb","itemListElement":[{"@type":"ListItem","position":1,"name":"In\u00edcio","item":"https:\/\/futurofunsejem.org.br\/online\/"},{"@type":"ListItem","position":2,"name":"Pol\u00edtica de Cookies"}]},{"@type":"WebSite","@id":"https:\/\/futurofunsejem.org.br\/online\/#website","url":"https:\/\/futurofunsejem.org.br\/online\/","name":"Futuro On-line","description":"O jornal Futuro, informativo da Funsejem, \u00e9 uma publica\u00e7\u00e3o bimestral divulgada nas empresas da Votorantim, patrocinadoras da Funda\u00e7\u00e3o, e aos participantes autopatrocinados, vinculados e aposentados pelo plano.","potentialAction":[{"@type":"SearchAction","target":{"@type":"EntryPoint","urlTemplate":"https:\/\/futurofunsejem.org.br\/online\/?s={search_term_string}"},"query-input":"required name=search_term_string"}],"inLanguage":"pt-BR"}]}},"_links":{"self":[{"href":"https:\/\/futurofunsejem.org.br\/online\/wp-json\/wp\/v2\/pages\/9461","targetHints":{"allow":["GET"]}}],"collection":[{"href":"https:\/\/futurofunsejem.org.br\/online\/wp-json\/wp\/v2\/pages"}],"about":[{"href":"https:\/\/futurofunsejem.org.br\/online\/wp-json\/wp\/v2\/types\/page"}],"author":[{"embeddable":true,"href":"https:\/\/futurofunsejem.org.br\/online\/wp-json\/wp\/v2\/users\/7"}],"replies":[{"embeddable":true,"href":"https:\/\/futurofunsejem.org.br\/online\/wp-json\/wp\/v2\/comments?post=9461"}],"version-history":[{"count":11,"href":"https:\/\/futurofunsejem.org.br\/online\/wp-json\/wp\/v2\/pages\/9461\/revisions"}],"predecessor-version":[{"id":10931,"href":"https:\/\/futurofunsejem.org.br\/online\/wp-json\/wp\/v2\/pages\/9461\/revisions\/10931"}],"wp:attachment":[{"href":"https:\/\/futurofunsejem.org.br\/online\/wp-json\/wp\/v2\/media?parent=9461"}],"curies":[{"name":"wp","href":"https:\/\/api.w.org\/{rel}","templated":true}]}}